{"id":3391,"date":"2019-07-24T05:59:42","date_gmt":"2019-07-24T05:59:42","guid":{"rendered":"http:\/\/salami.com\/?page_id=388"},"modified":"2025-06-07T21:29:31","modified_gmt":"2025-06-07T21:29:31","slug":"evenement-ciaj","status":"publish","type":"page","link":"https:\/\/www.ciaj.ch\/ar\/evenement-ciaj\/","title":{"rendered":"\u0627\u0644\u0641\u0639\u0627\u0644\u064a\u0627\u062a"},"content":{"rendered":"<div class=\"wpb-content-wrapper\"><div class=\"vc_row wpb_row vc_row-fluid vc_custom_1582892018530\"><div class=\"wpb_column vc_column_container vc_col-sm-12\"><div class=\"vc_column-inner\"><div class=\"wpb_wrapper\">\n            <div class=\"fl--events-featured-content-vc\" >\n                                                                    <div class=\"fl-events--featured-post post-4328 events type-events status-publish has-post-thumbnail hentry\"   data-post-id=\"4328\">\n                            <div class=\"fl-events-left-content col-md-6\">\n                                <img decoding=\"async\" src=\"https:\/\/www.ciaj.ch\/wp-content\/uploads\/2025\/06\/WhatsApp-Image-2025-06-04-a-21.49.13_4f3ea47f-555x410.jpg\" class=\"attachment-ihsan_size_555x410_crop size-ihsan_size_555x410_crop wp-post-image\" alt=\"\" \/>                                <div class = \"fl-countdown-clock\" id=\"fl-countdown-clock-4328\">\n\n                                <\/div>\n                            <\/div>\n                            <div class=\"fl-events-right-content col-md-6\">\n                                <div class=\"fl-events-meta\">\n                                                                            <div class=\"fl-event-date\"><i class=\"fa fa-calendar\"><\/i><span class=\"fl-body-light-font-style\">\u062a\u0627\u0631\u064a\u062e:<\/span>2025\/06\/06<\/div>\n                                                                                                                <div class=\"fl-event-address\"><i class=\"fa fa-map-marker\"><\/i><span class=\"fl-body-light-font-style\">\u0641\u064a:<\/span>\u0645\u0631\u0643\u0632 \u0627\u0644\u0631\u062d\u0645\u0646 \u0627\u0644\u0625\u0633\u0644\u0627\u0645\u064a \u0641\u064a \u062c\u0648\u0631\u0627<\/div>\n                                                                    <\/div>\n                                <h3 class=\"fl-entry-title\"><a href=\"https:\/\/www.ciaj.ch\/ar\/events\/islam-is-the-most-2\/\">Eid El-Adha<\/a><\/h3>\n                                <div class=\"fl-events-excerpt\">\n                                    <p>Eid El-Adha est l\u2019une des deux grandes f\u00eates de l\u2019islam. Elle comm\u00e9more l\u2019\u00e9preuve du Proph\u00e8te Ibrahim (Abraham), paix sur lui, pr\u00eat \u00e0 sacrifier son fils en signe d\u2019ob\u00e9issance \u00e0 Allah. \u00a0C\u2019est un moment fort de spiritualit\u00e9, ...<\/p>\n                                <\/div>\n                                <a class=\"fl-events-link\" href=\"https:\/\/www.ciaj.ch\/ar\/events\/islam-is-the-most-2\/\">Join This Event<\/a>\n                            <\/div>\n                            \n                                <script>\n                                    jQuery.noConflict()(document).ready( function() {\n                                        jQuery('#fl-countdown-clock-4328').countdown('2025\/06\/06 08:00:00')\n                                            .on('update.countdown', function(event) {\n                                                var format = '%H:%M:%S';\n                                                if(event.offset.totalDays > 0) {\n                                                    format = '%-d <span>Day%!d<\/span> ' + format;\n                                                }\n                                                if(event.offset.totalHours   > 0) {\n                                                    format = '%-h Hours%!w ' + format;\n                                                }\n                                                if(event.offset.totalMinutes > 0) {\n                                                    format = '%-w Mins%!w ' + format;\n                                                }\n                                                if(event.offset.totalSeconds > 0) {\n                                                    format = '%-w Secs%!w ' + format;\n                                                }\n                                                jQuery(this).html(event.strftime(\n                                                    '<div class=\"fl-days\"><span class=\"fl-countdown-item\">%-d<\/span> <span>Days<\/span><\/div> ' +\n                                                    '<div class=\"fl-hours\"><span class=\"fl-countdown-item\">%-H<\/span> <span>Hours<\/span><\/div> ' +\n                                                    '<div class=\"fl-minutes\"><span class=\"fl-countdown-item\">%M<\/span> <span>Mins<\/span><\/div>' +\n                                                    '<div class=\"fl-seconds\"><span class=\"fl-countdown-item\">%S<\/span> <span>Secs<\/span><\/div>'));\n                                            })\n                                            .on('finish.countdown', function(event) {\n                                                jQuery(this).html('This offer has expired!')\n                                                    .parent().addClass('disabled');\n\n                                            });\n                                    });\n                                <\/script>\n\n                                                    <\/div>\n                        \n                                                                        <div class=\"fl-events--featured-post post-4098 events type-events status-publish has-post-thumbnail hentry\"   data-post-id=\"4098\">\n                            <div class=\"fl-events-left-content col-md-6\">\n                                <img decoding=\"async\" src=\"https:\/\/www.ciaj.ch\/wp-content\/uploads\/2025\/06\/14099426_5431939-555x410.jpg\" class=\"attachment-ihsan_size_555x410_crop size-ihsan_size_555x410_crop wp-post-image\" alt=\"\" \/>                                <div class = \"fl-countdown-clock\" id=\"fl-countdown-clock-4098\">\n\n                                <\/div>\n                            <\/div>\n                            <div class=\"fl-events-right-content col-md-6\">\n                                <div class=\"fl-events-meta\">\n                                                                            <div class=\"fl-event-date\"><i class=\"fa fa-calendar\"><\/i><span class=\"fl-body-light-font-style\">\u062a\u0627\u0631\u064a\u062e:<\/span>2025\/06\/05<\/div>\n                                                                                                                <div class=\"fl-event-address\"><i class=\"fa fa-map-marker\"><\/i><span class=\"fl-body-light-font-style\">\u0641\u064a:<\/span>\u0645\u0631\u0643\u0632 \u0627\u0644\u0631\u062d\u0645\u0646 \u0627\u0644\u0625\u0633\u0644\u0627\u0645\u064a \u0641\u064a \u062c\u0648\u0631\u0627<\/div>\n                                                                    <\/div>\n                                <h3 class=\"fl-entry-title\"><a href=\"https:\/\/www.ciaj.ch\/ar\/events\/demain-jeudi-5-juin-jour-arafat\/\">\ud83d\udd4c \u063a\u062f\u064b\u0627\u060c \u0627\u0644\u062e\u0645\u064a\u0633 5 \u064a\u0648\u0646\u064a\u0648 - \u064a\u0648\u0645 \u0639\u0631\u0641\u0627\u062a<\/a><\/h3>\n                                <div class=\"fl-events-excerpt\">\n                                    <p>Chers fr\u00e8res et s\u0153urs, Demain, jeudi 5 juin, marque l\u2019un des jours les plus b\u00e9nis de l\u2019ann\u00e9e : le Jour d\u2019Arafat. C\u2019est un moment de gr\u00e2ce, de purification et de rapprochement avec Allah, o\u00f9 chaque croyant ...<\/p>\n                                <\/div>\n                                <a class=\"fl-events-link\" href=\"https:\/\/www.ciaj.ch\/ar\/events\/demain-jeudi-5-juin-jour-arafat\/\">Join This Event<\/a>\n                            <\/div>\n                                                    <\/div>\n                        \n                    \n                    <\/div>\n\n        <div class=\"fl-custom--title text-center\" ><div class=\"fl-title-vc fl--font-style-two\"  style=\"font-size:48px!important;font-weight:bold!important;color:#222222!important;margin-top:115px;margin-bottom:40px;\">Upcoming Events<\/div><\/div>\n            <div class=\"fl--events-archive-content-vc\" >\n                \n                        <div class=\"fl-events--archive-post post-4328 events type-events status-publish has-post-thumbnail hentry\"   data-post-id=\"4328\">\n                            <div class=\"fl-events-left-content col-md-2\">\n                                <div class = \"fl-event-date-top\">\n                                    \n                                        <span>06 <\/span>\n                                        <span>Jun<\/span>\n\n                                                                    <\/div>\n                                <div class = \"fl-event-date-bottom\">\n                                    <span>\n                                        Friday                                    <\/span>\n\n                                <\/div>\n                            <\/div>\n                            <div class=\"fl-events-center-content col-md-8\">\n                                <h3 class=\"fl-entry-title\"><a href=\"https:\/\/www.ciaj.ch\/ar\/events\/islam-is-the-most-2\/\">Eid El-Adha<\/a><\/h3>\n                                <div class=\"fl-events-excerpt\">\n                                    <p>Eid El-Adha est l\u2019une des deux grandes f\u00eates de l\u2019islam. Elle comm\u00e9more l\u2019\u00e9preuve du Proph\u00e8te Ibrahim (Abraham), paix ...<\/p>\n                                <\/div>\n                                <div class=\"fl-events-meta\">\n                                                                            <div class=\"fl-event-date\"><i class=\"fa fa-map-marker\"><\/i><span class=\"fl-body-light-font-style\"><\/span>\u0645\u0631\u0643\u0632 \u0627\u0644\u0631\u062d\u0645\u0646 \u0627\u0644\u0625\u0633\u0644\u0627\u0645\u064a \u0641\u064a \u062c\u0648\u0631\u0627<\/div>\n                                                                                                                <div class=\"fl-event-address\"><i class=\"fa fa-calendar\"><\/i><span class=\"fl-body-light-font-style\"><\/span>6 June, 2025 @ 08:00:00<\/div>\n                                                                    <\/div>\n                            <\/div>\n                            <div class=\"fl-events-right-content col-md-2\">\n                                <a class=\"fl-events-link\" href=\"https:\/\/www.ciaj.ch\/ar\/events\/islam-is-the-most-2\/\">Event Details<\/a>\n                            <\/div>\n                        <\/div>\n\n                    \n                        <div class=\"fl-events--archive-post post-4098 events type-events status-publish has-post-thumbnail hentry\"   data-post-id=\"4098\">\n                            <div class=\"fl-events-left-content col-md-2\">\n                                <div class = \"fl-event-date-top\">\n                                    \n                                        <span>05 <\/span>\n                                        <span>Jun<\/span>\n\n                                                                    <\/div>\n                                <div class = \"fl-event-date-bottom\">\n                                    <span>\n                                        Thursday                                    <\/span>\n\n                                <\/div>\n                            <\/div>\n                            <div class=\"fl-events-center-content col-md-8\">\n                                <h3 class=\"fl-entry-title\"><a href=\"https:\/\/www.ciaj.ch\/ar\/events\/demain-jeudi-5-juin-jour-arafat\/\">\ud83d\udd4c \u063a\u062f\u064b\u0627\u060c \u0627\u0644\u062e\u0645\u064a\u0633 5 \u064a\u0648\u0646\u064a\u0648 - \u064a\u0648\u0645 \u0639\u0631\u0641\u0627\u062a<\/a><\/h3>\n                                <div class=\"fl-events-excerpt\">\n                                    <p>Chers fr\u00e8res et s\u0153urs, Demain, jeudi 5 juin, marque l\u2019un des jours les plus b\u00e9nis de l\u2019ann\u00e9e : ...<\/p>\n                                <\/div>\n                                <div class=\"fl-events-meta\">\n                                                                            <div class=\"fl-event-date\"><i class=\"fa fa-map-marker\"><\/i><span class=\"fl-body-light-font-style\"><\/span>\u0645\u0631\u0643\u0632 \u0627\u0644\u0631\u062d\u0645\u0646 \u0627\u0644\u0625\u0633\u0644\u0627\u0645\u064a \u0641\u064a \u062c\u0648\u0631\u0627<\/div>\n                                                                                                                <div class=\"fl-event-address\"><i class=\"fa fa-calendar\"><\/i><span class=\"fl-body-light-font-style\"><\/span>6 June, 2025 @ 08:00:00<\/div>\n                                                                    <\/div>\n                            <\/div>\n                            <div class=\"fl-events-right-content col-md-2\">\n                                <a class=\"fl-events-link\" href=\"https:\/\/www.ciaj.ch\/ar\/events\/demain-jeudi-5-juin-jour-arafat\/\">Event Details<\/a>\n                            <\/div>\n                        <\/div>\n\n                    \n                    <\/div>\n\n\n\n\n\n\n\n        <\/div><\/div><\/div><\/div>\n<\/div>","protected":false},"excerpt":{"rendered":"<p>Chers fr\u00e8res et s\u0153urs, Demain, jeudi 5 juin, marque l\u2019un des jours les plus b\u00e9nis de l\u2019ann\u00e9e : le Jour d\u2019Arafat. C\u2019est un moment de gr\u00e2ce, de purification et de rapprochement avec Allah, o\u00f9 chaque croyant est invit\u00e9 \u00e0 renouveler son intention sinc\u00e8re et \u00e0 renforcer sa foi. \u00a0Pourquoi ce jour est-il si sp\u00e9cial ?\ud83c\udf19 <\/p>","protected":false},"author":1,"featured_media":0,"parent":0,"menu_order":0,"comment_status":"closed","ping_status":"closed","template":"","meta":{"_acf_changed":false,"give_campaign_id":0,"_bbp_topic_count":0,"_bbp_reply_count":0,"_bbp_total_topic_count":0,"_bbp_total_reply_count":0,"_bbp_voice_count":0,"_bbp_anonymous_reply_count":0,"_bbp_topic_count_hidden":0,"_bbp_reply_count_hidden":0,"_bbp_forum_subforum_count":0,"footnotes":""},"class_list":["post-3391","page","type-page","status-publish","hentry"],"acf":[],"aioseo_notices":[],"campaignId":"","_links":{"self":[{"href":"https:\/\/www.ciaj.ch\/ar\/wp-json\/wp\/v2\/pages\/3391","targetHints":{"allow":["GET"]}}],"collection":[{"href":"https:\/\/www.ciaj.ch\/ar\/wp-json\/wp\/v2\/pages"}],"about":[{"href":"https:\/\/www.ciaj.ch\/ar\/wp-json\/wp\/v2\/types\/page"}],"author":[{"embeddable":true,"href":"https:\/\/www.ciaj.ch\/ar\/wp-json\/wp\/v2\/users\/1"}],"replies":[{"embeddable":true,"href":"https:\/\/www.ciaj.ch\/ar\/wp-json\/wp\/v2\/comments?post=3391"}],"version-history":[{"count":1,"href":"https:\/\/www.ciaj.ch\/ar\/wp-json\/wp\/v2\/pages\/3391\/revisions"}],"predecessor-version":[{"id":4517,"href":"https:\/\/www.ciaj.ch\/ar\/wp-json\/wp\/v2\/pages\/3391\/revisions\/4517"}],"wp:attachment":[{"href":"https:\/\/www.ciaj.ch\/ar\/wp-json\/wp\/v2\/media?parent=3391"}],"curies":[{"name":"wp","href":"https:\/\/api.w.org\/{rel}","templated":true}]}}