{"id":3392,"date":"2019-07-30T19:59:48","date_gmt":"2019-07-30T19:59:48","guid":{"rendered":"http:\/\/salami.com\/?page_id=503"},"modified":"2019-07-30T19:59:48","modified_gmt":"2019-07-30T19:59:48","slug":"contact-2","status":"publish","type":"page","link":"https:\/\/www.ciaj.ch\/it\/contact-2\/","title":{"rendered":"Contattaci"},"content":{"rendered":"<div class=\"wpb-content-wrapper\"><section class=\"vc_section\"><div class=\"vc_row wpb_row vc_row-fluid\"><div class=\"first-contact-info wpb_column vc_column_container vc_col-sm-4\"><div class=\"vc_column-inner\"><div class=\"wpb_wrapper\"><div class=\"fl-contact-info cf vc_custom_1586610323633\" ><div class=\"fl-contact--info-wrapper cf\"><div class=\"fl-info-contact\"><span class=\"icon-contact\"><img decoding=\"async\" class =\"fl-icon-box-icon\" alt=\"fl-icon-box-icon\" src=\"https:\/\/www.ciaj.ch\/wp-content\/uploads\/2022\/10\/map.png\"><\/span><span class=\"title-contact\" >Lieu<\/span><div class=\"fl-contact-title-decor\"><\/div><span class=\"text-contact\" >Rue Auguste Quiquerez 76, CH-2800 Del\u00e9mont, svizzera<\/span><\/div><\/div><\/div><\/div><\/div><\/div><div class=\"wpb_column vc_column_container vc_col-sm-4\"><div class=\"vc_column-inner\"><div class=\"wpb_wrapper\"><div class=\"fl-contact-info cf\" ><div class=\"fl-contact--info-wrapper cf\"><div class=\"fl-info-contact\"><span class=\"icon-contact\"><img decoding=\"async\" class =\"fl-icon-box-icon\" alt=\"fl-icon-box-icon\" src=\"https:\/\/www.ciaj.ch\/wp-content\/uploads\/2022\/10\/phone-book.png\"><\/span><span class=\"title-contact\" >T\u00e9l\u00e9phone<\/span><div class=\"fl-contact-title-decor\"><\/div><span class=\"text-contact\" >+41 07 84 02 26 46<\/span><\/div><\/div><\/div><\/div><\/div><\/div><div class=\"last-contact-info wpb_column vc_column_container vc_col-sm-4\"><div class=\"vc_column-inner\"><div class=\"wpb_wrapper\"><div class=\"fl-contact-info cf\" ><div class=\"fl-contact--info-wrapper cf\"><div class=\"fl-info-contact\"><span class=\"icon-contact\"><img decoding=\"async\" class =\"fl-icon-box-icon\" alt=\"fl-icon-box-icon\" src=\"https:\/\/www.ciaj.ch\/wp-content\/uploads\/2022\/10\/mail.png\"><\/span><span class=\"title-contact\" >Email<\/span><div class=\"fl-contact-title-decor\"><\/div><span class=\"text-contact\" ><a href=\"mailto:info@ciaj.ch\">info@ciaj.ch<\/a><\/span><\/div><\/div><\/div><\/div><\/div><\/div><\/div><div class=\"vc_row wpb_row vc_row-fluid vc_custom_1579192232042 fl-helping-row-responsive-6a00724238e79-9978\"><div class=\"wpb_column vc_column_container vc_col-sm-6\"><div class=\"fl-helping-column-responsive-6a0072423913d-5656 vc_column-inner\"><div class=\"wpb_wrapper\"><div class=\"fl-custom--title text-left\" ><div class=\"fl-title-vc fl--font-style-two\"  style=\"font-size:30px!important;font-weight:bold!important;color:#222222!important;margin-bottom:35px;\">Envoyer un message<\/div><\/div><p class=\"wpcf7-contact-form-not-found\"><strong>Errore:<\/strong> Modulo di contatto non trovato.<\/p><\/div><\/div><\/div><div class=\"wpb_column vc_column_container vc_col-sm-6\"><div class=\"vc_column-inner\"><div class=\"wpb_wrapper\"><div class=\"wpb_gmaps_widget wpb_content_element\"><div class=\"wpb_wrapper\"><div class=\"wpb_map_wraper\"><iframe\n  src=\"https:\/\/maps.google.com\/maps?q=47.369555,7.3586406(CIAJ%20Centre%20Islamique%20Ar%20Rahman%20du%20Jura)&z=17&output=embed\"\n  width=\"600\"\n  height=\"450\"\n  style=\"border:0;\"\n  allowfullscreen=\"\"\n  loading=\"lazy\"\n  referrerpolicy=\"no-referrer-when-downgrade\">\n<\/iframe><\/div><\/div><\/div><\/div><\/div><\/div><\/div><\/section>\n<\/div>","protected":false},"excerpt":{"rendered":"<p>LieuRue Auguste Quiquerez 76, CH 2800 Del\u00e9montT\u00e9l\u00e9phone+41 07 84 02 26 46Emailinfo@ciaj.chEnvoyer un messageErrore: Modulo di contatto non trovato.<\/p>","protected":false},"author":1,"featured_media":3383,"parent":0,"menu_order":0,"comment_status":"closed","ping_status":"closed","template":"","meta":{"_acf_changed":false,"give_campaign_id":0,"_bbp_topic_count":0,"_bbp_reply_count":0,"_bbp_total_topic_count":0,"_bbp_total_reply_count":0,"_bbp_voice_count":0,"_bbp_anonymous_reply_count":0,"_bbp_topic_count_hidden":0,"_bbp_reply_count_hidden":0,"_bbp_forum_subforum_count":0,"footnotes":""},"class_list":["post-3392","page","type-page","status-publish","has-post-thumbnail","hentry"],"acf":[],"aioseo_notices":[],"campaignId":"","_links":{"self":[{"href":"https:\/\/www.ciaj.ch\/it\/wp-json\/wp\/v2\/pages\/3392","targetHints":{"allow":["GET"]}}],"collection":[{"href":"https:\/\/www.ciaj.ch\/it\/wp-json\/wp\/v2\/pages"}],"about":[{"href":"https:\/\/www.ciaj.ch\/it\/wp-json\/wp\/v2\/types\/page"}],"author":[{"embeddable":true,"href":"https:\/\/www.ciaj.ch\/it\/wp-json\/wp\/v2\/users\/1"}],"replies":[{"embeddable":true,"href":"https:\/\/www.ciaj.ch\/it\/wp-json\/wp\/v2\/comments?post=3392"}],"version-history":[{"count":0,"href":"https:\/\/www.ciaj.ch\/it\/wp-json\/wp\/v2\/pages\/3392\/revisions"}],"wp:featuredmedia":[{"embeddable":true,"href":"https:\/\/www.ciaj.ch\/it\/wp-json\/wp\/v2\/media\/3383"}],"wp:attachment":[{"href":"https:\/\/www.ciaj.ch\/it\/wp-json\/wp\/v2\/media?parent=3392"}],"curies":[{"name":"wp","href":"https:\/\/api.w.org\/{rel}","templated":true}]}}