{"id":4544,"date":"2025-08-29T21:00:36","date_gmt":"2025-08-29T19:00:36","guid":{"rendered":"https:\/\/www.ciaj.ch\/?page_id=4544"},"modified":"2025-08-29T21:02:57","modified_gmt":"2025-08-29T19:02:57","slug":"conditions-generales-dutilisation-cgu","status":"publish","type":"page","link":"https:\/\/www.ciaj.ch\/it\/conditions-generales-dutilisation-cgu\/","title":{"rendered":"Termini e Condizioni generali di Utilizzo (TOU)"},"content":{"rendered":"<p data-start=\"12537\" data-end=\"13601\"><strong data-start=\"12537\" data-end=\"12581\">Article 1 \u2013 Objet et Champ d\u2019Application<\/strong><br data-start=\"12581\" data-end=\"12584\" \/>Les pr\u00e9sentes Conditions G\u00e9n\u00e9rales d\u2019Utilisation (CGU) ont pour objet de d\u00e9finir les modalit\u00e9s d\u2019acc\u00e8s et d\u2019utilisation du site web du Centre Islamique Arrahman du Jura (<strong data-start=\"12754\" data-end=\"12766\">\u00ab\u00a0CIAJ\u00a0\u00bb<\/strong>, ou <em data-start=\"12771\" data-end=\"12790\">\u00ab\u00a0l\u2019Association\u00a0\u00bb<\/em>), accessible \u00e0 l\u2019adresse <span data-start=\"12816\" data-end=\"12850\">www.ciaj.ch<\/span>. En naviguant sur ce site et en utilisant ses fonctionnalit\u00e9s (formulaires, contenus, services en ligne), chaque visiteur ou utilisateur (<strong data-start=\"12989\" data-end=\"13010\">\u00ab\u00a0l\u2019Utilisateur\u00a0\u00bb<\/strong>) accepte sans r\u00e9serve les pr\u00e9sentes CGU dans leur int\u00e9gralit\u00e9. Ces conditions s\u2019appliquent \u00e0 toute personne visitant le site, qu\u2019elle soit simple internaute, fid\u00e8le de la communaut\u00e9, membre de l\u2019association ou autre. En cas de d\u00e9saccord avec tout ou partie des CGU, il est conseill\u00e9 de ne pas utiliser le site. Le CIAJ se r\u00e9serve le droit de modifier les CGU \u00e0 tout moment pour les adapter aux \u00e9volutions du site, de la loi ou de ses services\u00a0; la nouvelle version mise \u00e0 jour sera publi\u00e9e sur le site et l\u2019utilisation continue du site apr\u00e8s modifications vaut acceptation de ces derni\u00e8res.<\/p>\n<p data-start=\"13603\" data-end=\"13904\"><strong data-start=\"13603\" data-end=\"13659\">Article 2 \u2013 Pr\u00e9sentation du Site et de l\u2019Association<\/strong><br data-start=\"13659\" data-end=\"13662\" \/>Le site <span data-start=\"13670\" data-end=\"13700\">ciaj.ch<\/span> est le site officiel du Centre Islamique Arrahman du Jura, association religieuse et \u00e9ducative \u00e0 but non lucratif bas\u00e9e \u00e0 Del\u00e9mont (Suisse). Ce site a pour vocation de fournir aux fid\u00e8les et au public :<\/p>\n<ul data-start=\"13905\" data-end=\"14856\">\n<li data-start=\"13905\" data-end=\"14030\">\n<p data-start=\"13907\" data-end=\"14030\">des <strong data-start=\"13911\" data-end=\"13927\">informations<\/strong> sur la vie de la communaut\u00e9 (annonces d\u2019\u00e9v\u00e9nements, nouvelles du centre, horaires de pri\u00e8res, etc.)\u00a0;<\/p>\n<\/li>\n<li data-start=\"14031\" data-end=\"14153\">\n<p data-start=\"14033\" data-end=\"14153\">des <strong data-start=\"14037\" data-end=\"14062\">ressources \u00e9ducatives<\/strong> (articles sur l\u2019islam, conseils pratiques, enseignements du Coran et de la Sunna, etc.)\u00a0;<\/p>\n<\/li>\n<li data-start=\"14154\" data-end=\"14338\">\n<p data-start=\"14156\" data-end=\"14338\">la possibilit\u00e9 de s\u2019<strong data-start=\"14176\" data-end=\"14200\">inscrire \u00e0 des cours<\/strong> (tels que cours de Coran, classes de <em data-start=\"14238\" data-end=\"14244\">Hifz<\/em> [m\u00e9morisation du Coran], programmes de l\u2019\u00e9cole Assalam, etc.) via des formulaires en ligne\u00a0;<\/p>\n<\/li>\n<li data-start=\"14339\" data-end=\"14471\">\n<p data-start=\"14341\" data-end=\"14471\">des <strong data-start=\"14345\" data-end=\"14371\">formulaires de contact<\/strong> permettant aux utilisateurs d\u2019envoyer des questions ou demandes d\u2019information \u00e0 l\u2019\u00e9quipe du CIAJ\u00a0;<\/p>\n<\/li>\n<li data-start=\"14472\" data-end=\"14674\">\n<p data-start=\"14474\" data-end=\"14674\">un espace pour effectuer des <strong data-start=\"14503\" data-end=\"14520\">dons en ligne<\/strong> ou obtenir des informations pour soutenir financi\u00e8rement les projets de l\u2019association (Zakat, soutien au loyer du centre, projets d\u2019acquisition, etc.)\u00a0;<\/p>\n<\/li>\n<li data-start=\"14675\" data-end=\"14856\">\n<p data-start=\"14677\" data-end=\"14856\">de mani\u00e8re g\u00e9n\u00e9rale, toute autre fonctionnalit\u00e9 actuelle ou future visant \u00e0 faciliter la communication entre l\u2019Association et les membres de la communaut\u00e9 ou le public int\u00e9ress\u00e9.<\/p>\n<\/li>\n<\/ul>\n<p data-start=\"14858\" data-end=\"15066\">Le site et l\u2019ensemble de ses contenus sont mis \u00e0 disposition <strong data-start=\"14919\" data-end=\"14939\">\u00e0 titre gracieux<\/strong> (aucun frais d\u2019acc\u00e8s n\u2019est factur\u00e9 aux utilisateurs), dans le cadre de la mission spirituelle, culturelle et sociale du CIAJ.<\/p>\n<p data-start=\"15068\" data-end=\"15890\"><strong data-start=\"15068\" data-end=\"15097\">Article 3 \u2013 Acc\u00e8s au Site<\/strong><br data-start=\"15097\" data-end=\"15100\" \/>Le CIAJ s\u2019efforce d\u2019assurer la disponibilit\u00e9 du site <span data-start=\"15153\" data-end=\"15183\">ciaj.ch<\/span> 24h\/24 et 7j\/7. Cependant, l\u2019acc\u00e8s peut \u00eatre <strong data-start=\"15229\" data-end=\"15255\">interrompu ou suspendu<\/strong> ponctuellement, sans pr\u00e9avis, pour des raisons de maintenance technique, de mise \u00e0 jour du contenu, ou en cas de force majeure (panne, probl\u00e8me de r\u00e9seau, \u00e9v\u00e9nement hors de notre contr\u00f4le). L\u2019Association ne saurait \u00eatre tenue pour responsable des \u00e9ventuelles indisponibilit\u00e9s du site ni des cons\u00e9quences qui pourraient en d\u00e9couler pour l\u2019Utilisateur. Aucun droit \u00e0 compensation n\u2019est ouvert en cas d\u2019interruption du service. Par ailleurs, le CIAJ se r\u00e9serve la possibilit\u00e9 de <strong data-start=\"15732\" data-end=\"15757\">modifier ou supprimer<\/strong> tout ou partie du contenu du site, ou de certaines fonctionnalit\u00e9s, \u00e0 tout moment, afin notamment de l\u2019actualiser ou de l\u2019optimiser.<\/p>\n<p data-start=\"15892\" data-end=\"16264\">L\u2019Utilisateur fait son affaire personnelle de tout \u00e9quipement (ordinateur, smartphone, logiciel de navigation, connexion internet, etc.) n\u00e9cessaire pour acc\u00e9der au site. Il doit en v\u00e9rifier le bon fonctionnement et la compatibilit\u00e9. Il est \u00e9galement seul responsable des co\u00fbts li\u00e9s \u00e0 l\u2019acc\u00e8s internet (fournisseur d\u2019acc\u00e8s, consommation de donn\u00e9es\u2026) pour consulter le site.<\/p>\n<p data-start=\"16266\" data-end=\"16576\"><strong data-start=\"16266\" data-end=\"16311\">Article 4 \u2013 Comportement de l\u2019Utilisateur<\/strong><br data-start=\"16311\" data-end=\"16314\" \/>En utilisant le site du CIAJ, l\u2019Utilisateur s\u2019engage \u00e0 adopter un comportement respectueux et \u00e0 <strong data-start=\"16410\" data-end=\"16468\">ne pas porter atteinte au caract\u00e8re religieux et sacr\u00e9<\/strong> de l\u2019espace communautaire virtuel que repr\u00e9sente ce site. \u00c0 ce titre, l\u2019Utilisateur s\u2019interdit notamment :<\/p>\n<ul data-start=\"16577\" data-end=\"17554\">\n<li data-start=\"16577\" data-end=\"16709\">\n<p data-start=\"16579\" data-end=\"16709\">d\u2019utiliser le site ou ses fonctionnalit\u00e9s d\u2019une mani\u00e8re contraire aux lois et r\u00e9glementations applicables, ou aux pr\u00e9sentes CGU\u00a0;<\/p>\n<\/li>\n<li data-start=\"16710\" data-end=\"17089\">\n<p data-start=\"16712\" data-end=\"17089\">de tenir ou publier, via les formulaires ou tout autre espace d\u2019expression mis \u00e0 disposition (commentaires, etc.), des propos injurieux, obsc\u00e8nes, discriminatoires, diffamatoires ou contraires aux principes moraux et religieux promus par le CIAJ. Le respect mutuel, la bienveillance et la <strong data-start=\"17001\" data-end=\"17026\">dignit\u00e9 du lieu sacr\u00e9<\/strong> (m\u00eame virtuel) doivent guider toute interaction sur ce site\u00a0;<\/p>\n<\/li>\n<li data-start=\"17090\" data-end=\"17255\">\n<p data-start=\"17092\" data-end=\"17255\">de tenter d\u2019usurper l\u2019identit\u00e9 d\u2019une autre personne ou de fournir des informations fausses dans les formulaires (par ex. fausse identit\u00e9 lors d\u2019une inscription)\u00a0;<\/p>\n<\/li>\n<li data-start=\"17256\" data-end=\"17467\">\n<p data-start=\"17258\" data-end=\"17467\">d\u2019utiliser le site d\u2019une mani\u00e8re qui pourrait l\u2019endommager, le surcharger ou en compromettre le bon fonctionnement (ex\u00a0: en diffusant des virus, en tentant de pirater le syst\u00e8me ou la base de donn\u00e9es, etc.)\u00a0;<\/p>\n<\/li>\n<li data-start=\"17468\" data-end=\"17554\">\n<p data-start=\"17470\" data-end=\"17554\">plus g\u00e9n\u00e9ralement, de porter atteinte aux droits d\u2019autrui et \u00e0 la s\u00e9curit\u00e9 du site.<\/p>\n<\/li>\n<\/ul>\n<p data-start=\"17556\" data-end=\"18010\">En cas de non-respect de ces engagements, le CIAJ se r\u00e9serve le droit de prendre toutes mesures appropri\u00e9es, y compris <strong data-start=\"17675\" data-end=\"17717\">la suspension ou le blocage de l\u2019acc\u00e8s<\/strong> au site pour l\u2019utilisateur concern\u00e9, voire des mesures l\u00e9gales si n\u00e9cessaire. L\u2019Association pourra \u00e9galement supprimer ou ne pas donner suite \u00e0 tout message ou contribution ne respectant pas ces principes (ex: un message de contact contenant des propos d\u00e9plac\u00e9s pourra \u00eatre ignor\u00e9 ou filtr\u00e9).<\/p>\n<p data-start=\"18012\" data-end=\"18482\"><strong data-start=\"18012\" data-end=\"18060\">Article 5 \u2013 Utilisation des Contenus du Site<\/strong><br data-start=\"18060\" data-end=\"18063\" \/>Tous les contenus pr\u00e9sents sur le site (textes, images, vid\u00e9os, logos, documents PDF ou t\u00e9l\u00e9chargeables, etc.) sont soit la propri\u00e9t\u00e9 intellectuelle du CIAJ, soit diffus\u00e9s avec l\u2019autorisation de leurs titulaires de droits, ou encore dans le domaine public lorsque cela s\u2019applique. Sauf indication contraire explicite, ces contenus sont prot\u00e9g\u00e9s par le droit d\u2019auteur, le droit des marques ou d\u2019autres lois applicables.<\/p>\n<p data-start=\"18484\" data-end=\"19146\"><strong data-start=\"18484\" data-end=\"18524\">Autorisation d\u2019utilisation limit\u00e9e\u00a0:<\/strong> L\u2019Association autorise l\u2019Utilisateur \u00e0 <strong data-start=\"18564\" data-end=\"18661\">consulter le site et son contenu pour un usage strictement personnel, priv\u00e9 et non commercial<\/strong>. Il est permis de t\u00e9l\u00e9charger ou d\u2019imprimer certaines pages ou documents pour son usage propre (par exemple, imprimer un article religieux pour le lire hors-ligne, ou un formulaire d\u2019inscription). <strong data-start=\"18859\" data-end=\"18933\">Toute autre utilisation est soumise \u00e0 autorisation pr\u00e9alable et \u00e9crite<\/strong> du CIAJ. En particulier, sans accord du CIAJ, l\u2019Utilisateur ne doit pas reproduire, distribuer, modifier, republier ou retransmettre les contenus du site, en tout ou partie, \u00e0 des fins publiques ou commerciales.<\/p>\n<p data-start=\"19148\" data-end=\"19539\"><strong data-start=\"19148\" data-end=\"19190\">Citations et partage sur les r\u00e9seaux\u00a0:<\/strong> Il est permis de partager sur les r\u00e9seaux sociaux ou par messagerie <strong data-start=\"19259\" data-end=\"19272\">des liens<\/strong> vers les pages publiques du site. La citation de courts extraits de textes du site est autoris\u00e9e \u00e0 titre illustratif ou informatif, \u00e0 condition de mentionner la source (par ex. en indiquant le nom du site et \u00e9ventuellement un lien) et de ne pas d\u00e9naturer le propos.<\/p>\n<p data-start=\"19541\" data-end=\"19856\"><strong data-start=\"19541\" data-end=\"19563\">Droits des tiers\u00a0:<\/strong> Certains contenus peuvent appartenir \u00e0 des tiers (par ex. un article relay\u00e9 provenant d\u2019une source externe, des images sous licence, etc.). L\u2019Utilisateur doit respecter les \u00e9ventuels droits de ces tiers. En cas de doute, il convient de s\u2019abstenir d\u2019utiliser le contenu hors du cadre du site.<\/p>\n<p data-start=\"19858\" data-end=\"20723\"><strong data-start=\"19858\" data-end=\"19902\">Article 6 \u2013 Responsabilit\u00e9s et Garanties<\/strong><br data-start=\"19902\" data-end=\"19905\" \/>Le CIAJ met tout en \u0153uvre pour publier sur son site des informations fiables, exactes et r\u00e9guli\u00e8rement mises \u00e0 jour. Cependant, <strong data-start=\"20033\" data-end=\"20084\">les contenus \u00e0 caract\u00e8re informatif ou \u00e9ducatif<\/strong> fournis (articles, actualit\u00e9s, indications pratiques, etc.) le sont <strong data-start=\"20153\" data-end=\"20185\">\u00e0 titre g\u00e9n\u00e9ral et indicatif<\/strong>. L\u2019Association ne garantit pas que ces contenus soient exempts d\u2019erreurs, d\u2019omissions ou qu\u2019ils soient parfaitement \u00e0 jour \u00e0 tout moment. Par cons\u00e9quent, le CIAJ ne pourra \u00eatre tenu responsable d\u2019\u00e9ventuels dommages ou d\u00e9sagr\u00e9ments subis par un Utilisateur sur la base d\u2019informations obtenues sur le site, sauf en cas de faute grave ou intentionnelle av\u00e9r\u00e9e de l\u2019Association. L\u2019Utilisateur est invit\u00e9, le cas \u00e9ch\u00e9ant, \u00e0 v\u00e9rifier les informations importantes par d\u2019autres sources ou \u00e0 contacter directement l\u2019Association pour s\u2019en assurer.<\/p>\n<p data-start=\"20725\" data-end=\"21366\"><strong data-start=\"20725\" data-end=\"20755\">Fonctionnement technique\u00a0:<\/strong> Le CIAJ n\u2019offre aucune garantie expresse ou implicite que le site sera exempt d\u2019anomalies ou de bugs. Bien que nous mettions en place des moyens de s\u00e9curit\u00e9 et de protection (voir Politique de Confidentialit\u00e9), <strong data-start=\"20967\" data-end=\"21000\">Internet comporte des risques<\/strong> inh\u00e9rents (virus, d\u00e9tournement de donn\u00e9es\u2026). L\u2019Utilisateur acc\u00e8de au site en connaissance de cause. L\u2019Association ne pourra \u00eatre tenue responsable des dommages directs ou indirects li\u00e9s \u00e0 l\u2019utilisation de son site ou \u00e0 l\u2019impossibilit\u00e9 temporaire de l\u2019utiliser, y compris en pr\u00e9sence de virus ou d\u2019\u00e9l\u00e9ments nuisibles externes, dans les limites autoris\u00e9es par la loi.<\/p>\n<p data-start=\"21368\" data-end=\"22211\"><strong data-start=\"21368\" data-end=\"21388\">Liens externes\u00a0:<\/strong> Le site peut contenir des liens hypertextes pointant vers des sites web tiers (par exemple vers des ressources utiles, des partenaires, ou des vid\u00e9os h\u00e9berg\u00e9es sur d\u2019autres plateformes). Ces liens sont fournis exclusivement pour la convenance de l\u2019Utilisateur et pour approfondir certains sujets. Toutefois, le CIAJ n\u2019exerce <strong data-start=\"21714\" data-end=\"21732\">aucun contr\u00f4le<\/strong> sur le contenu ou les pratiques de ces sites externes et ne saurait en \u00eatre tenu responsable. L\u2019activation de ces liens se fait sous la responsabilit\u00e9 de l\u2019Utilisateur, qui est invit\u00e9 \u00e0 consulter les conditions d\u2019utilisation et politiques de confidentialit\u00e9 des sites en question. N\u00e9anmoins, le CIAJ s\u2019engage \u00e0 supprimer sans d\u00e9lai tout lien vers un site tiers s\u2019il appara\u00eet que ce site propose un contenu ill\u00e9gal ou manifestement incompatible avec les valeurs de l\u2019Association.<\/p>\n<p data-start=\"22213\" data-end=\"22925\"><strong data-start=\"22213\" data-end=\"22255\">Article 7 \u2013 Respect du Cadre Religieux<\/strong><br data-start=\"22255\" data-end=\"22258\" \/>Le CIAJ est une association \u00e0 vocation religieuse islamique. \u00c0 ce titre, le site web se veut le prolongement virtuel de la <strong data-start=\"22381\" data-end=\"22392\">mosqu\u00e9e<\/strong> et de la communaut\u00e9. L\u2019Utilisateur est <strong data-start=\"22432\" data-end=\"22468\">conscient du caract\u00e8re spirituel<\/strong> de cet espace et s\u2019engage \u00e0 le respecter. Le contenu publi\u00e9 sur le site (articles, rappels religieux, annonces) est pr\u00e9par\u00e9 avec le souci de v\u00e9hiculer un message conforme aux enseignements de l\u2019islam <em data-start=\"22669\" data-end=\"22689\">mod\u00e9r\u00e9 et tol\u00e9rant<\/em>. Le CIAJ veille \u00e0 ce que les \u00e9changes via le site (formulaire de contact, \u00e9ventuellement espace de commentaires mod\u00e9r\u00e9s) se d\u00e9roulent dans un esprit fraternel, de bienveillance et de respect mutuel, conform\u00e9ment aux valeurs musulmanes.<\/p>\n<p data-start=\"22927\" data-end=\"23415\">Il est donc <strong data-start=\"22939\" data-end=\"22971\">demand\u00e9 \u00e0 chaque Utilisateur<\/strong> de faire preuve de d\u00e9corum dans ses interactions en ligne li\u00e9es au site du CIAJ, tout comme il le ferait dans l\u2019enceinte d\u2019un lieu de culte. Tout comportement en ligne constituant un manquement grave au respect d\u00fb \u00e0 la religion, \u00e0 la communaut\u00e9 ou aux principes d\u2019\u00e9thique du CIAJ pourra entra\u00eener l\u2019exclusion de l\u2019Utilisateur concern\u00e9 des services du site (voir Article 4) et, le cas \u00e9ch\u00e9ant, des suites appropri\u00e9es au niveau de l\u2019association.<\/p>\n<p data-start=\"23417\" data-end=\"24594\"><strong data-start=\"23417\" data-end=\"23464\">Article 8 \u2013 Donn\u00e9es Personnelles et Cookies<\/strong><br data-start=\"23464\" data-end=\"23467\" \/>L\u2019utilisation de certaines fonctionnalit\u00e9s du site (telles que les formulaires de contact, d\u2019inscription ou l\u2019espace de don) implique la communication de donn\u00e9es personnelles (nom, pr\u00e9nom, email, etc.). L\u2019Utilisateur est inform\u00e9 que ses donn\u00e9es seront trait\u00e9es conform\u00e9ment \u00e0 notre <strong data-start=\"23749\" data-end=\"23806\">Politique de Confidentialit\u00e9 & Protection des Donn\u00e9es<\/strong>, disponible sur le site. Cette politique d\u00e9taille notamment les finalit\u00e9s des traitements, leur base l\u00e9gale, la dur\u00e9e de conservation, les destinataires des donn\u00e9es, ainsi que les droits dont disposent les personnes concern\u00e9es (acc\u00e8s, rectification, effacement, etc.). Le CIAJ invite chaque Utilisateur \u00e0 en prendre connaissance. De m\u00eame, la navigation sur le site peut entra\u00eener l\u2019enregistrement de cookies dans le terminal de l\u2019Utilisateur (ordinateur, smartphone\u2026). Le bandeau cookies affich\u00e9 lors de la premi\u00e8re visite permet \u00e0 l\u2019Utilisateur d\u2019accepter ou de refuser les cookies non strictement n\u00e9cessaires. Pour en savoir plus sur la nature des cookies utilis\u00e9s et modifier vos pr\u00e9f\u00e9rences, veuillez consulter notre <strong data-start=\"24565\" data-end=\"24586\">Politique Cookies<\/strong> d\u00e9di\u00e9e.<\/p>\n<p data-start=\"24596\" data-end=\"25130\"><strong data-start=\"24596\" data-end=\"24632\">Article 9 \u2013 Dispositions Finales<\/strong><br data-start=\"24632\" data-end=\"24635\" \/>Si l\u2019une quelconque des dispositions des pr\u00e9sentes CGU devait \u00eatre d\u00e9clar\u00e9e invalide ou inapplicable en vertu d\u2019une loi, d\u2019un r\u00e8glement ou \u00e0 la suite d\u2019une d\u00e9cision de justice d\u00e9finitive, elle sera alors r\u00e9put\u00e9e non \u00e9crite, sans pour autant affecter la validit\u00e9 des autres dispositions qui resteront pleinement applicables. L\u2019absence d\u2019exercice, par le CIAJ, d\u2019un droit ou d\u2019une pr\u00e9rogative pr\u00e9vus dans les pr\u00e9sentes CGU ne saurait valoir renonciation d\u00e9finitive \u00e0 s\u2019en pr\u00e9valoir ult\u00e9rieurement.<\/p>\n<p data-start=\"25132\" data-end=\"25311\">Les pr\u00e9sentes conditions constituent l\u2019int\u00e9gralit\u00e9 de l\u2019accord entre l\u2019Utilisateur et l\u2019Association quant \u00e0 l\u2019utilisation du site, et pr\u00e9valent sur tout accord ant\u00e9rieur \u00e9ventuel.<\/p>\n<p data-start=\"25313\" data-end=\"25744\"><strong data-start=\"25313\" data-end=\"25363\">Article 10 \u2013 Droit applicable et for juridique<\/strong><br data-start=\"25363\" data-end=\"25366\" \/>Les CGU du site <span data-start=\"25382\" data-end=\"25412\">ciaj.ch<\/span> sont soumises au droit suisse. En cas de litige relatif \u00e0 leur interpr\u00e9tation ou \u00e0 leur ex\u00e9cution, une solution amiable sera recherch\u00e9e en priorit\u00e9. \u00c0 d\u00e9faut d\u2019accord amiable, les tribunaux comp\u00e9tents seront ceux du for du si\u00e8ge de l\u2019association (canton du Jura, Suisse), sous r\u00e9serve d\u2019un \u00e9ventuel for imp\u00e9ratif pr\u00e9vu par la loi.<\/p>\n<p data-start=\"25746\" data-end=\"26063\">En continuant d\u2019utiliser le site, l\u2019Utilisateur reconna\u00eet avoir lu, compris et accept\u00e9 l\u2019ensemble des dispositions ci-dessus. Nous vous remercions de votre confiance et vous souhaitons une excellente navigation sur le site du Centre Islamique Arrahman du Jura, dans un esprit d\u2019\u00e9l\u00e9vation spirituelle et de fraternit\u00e9.<\/p>\n","protected":false},"excerpt":{"rendered":"<p>Article 1 \u2013 Objet et Champ d\u2019ApplicationLes pr\u00e9sentes Conditions G\u00e9n\u00e9rales d\u2019Utilisation (CGU) ont pour objet de d\u00e9finir les modalit\u00e9s d\u2019acc\u00e8s et d\u2019utilisation du site web du Centre Islamique Arrahman du Jura (\u00ab\u00a0CIAJ\u00a0\u00bb, ou \u00ab\u00a0l\u2019Association\u00a0\u00bb), accessible \u00e0 l\u2019adresse www.ciaj.ch. En naviguant sur ce site et en utilisant ses fonctionnalit\u00e9s (formulaires, contenus, services en ligne), chaque visiteur [&hellip;]<\/p>\n","protected":false},"author":1,"featured_media":0,"parent":0,"menu_order":0,"comment_status":"closed","ping_status":"closed","template":"","meta":{"_acf_changed":false,"give_campaign_id":0,"_bbp_topic_count":0,"_bbp_reply_count":0,"_bbp_total_topic_count":0,"_bbp_total_reply_count":0,"_bbp_voice_count":0,"_bbp_anonymous_reply_count":0,"_bbp_topic_count_hidden":0,"_bbp_reply_count_hidden":0,"_bbp_forum_subforum_count":0,"footnotes":""},"class_list":["post-4544","page","type-page","status-publish","hentry"],"acf":[],"aioseo_notices":[],"campaignId":"","_links":{"self":[{"href":"https:\/\/www.ciaj.ch\/it\/wp-json\/wp\/v2\/pages\/4544","targetHints":{"allow":["GET"]}}],"collection":[{"href":"https:\/\/www.ciaj.ch\/it\/wp-json\/wp\/v2\/pages"}],"about":[{"href":"https:\/\/www.ciaj.ch\/it\/wp-json\/wp\/v2\/types\/page"}],"author":[{"embeddable":true,"href":"https:\/\/www.ciaj.ch\/it\/wp-json\/wp\/v2\/users\/1"}],"replies":[{"embeddable":true,"href":"https:\/\/www.ciaj.ch\/it\/wp-json\/wp\/v2\/comments?post=4544"}],"version-history":[{"count":2,"href":"https:\/\/www.ciaj.ch\/it\/wp-json\/wp\/v2\/pages\/4544\/revisions"}],"predecessor-version":[{"id":4550,"href":"https:\/\/www.ciaj.ch\/it\/wp-json\/wp\/v2\/pages\/4544\/revisions\/4550"}],"wp:attachment":[{"href":"https:\/\/www.ciaj.ch\/it\/wp-json\/wp\/v2\/media?parent=4544"}],"curies":[{"name":"wp","href":"https:\/\/api.w.org\/{rel}","templated":true}]}}