{"id":3394,"date":"2020-05-15T16:05:22","date_gmt":"2020-05-15T16:05:22","guid":{"rendered":"https:\/\/ihsan.templines.org\/?page_id=2547"},"modified":"2026-03-08T20:18:50","modified_gmt":"2026-03-08T18:18:50","slug":"nos-services","status":"publish","type":"page","link":"https:\/\/www.ciaj.ch\/sq\/nos-services\/","title":{"rendered":"Sh\u00ebrbimet tona"},"content":{"rendered":"<div class=\"wpb-content-wrapper\"><section class=\"vc_section vc_custom_1583483646375\"><div class=\"vc_row wpb_row vc_row-fluid vc_custom_1589559342921 fl-helping-row-responsive-6a04cfaf87425-1721\"><div class=\"wpb_column vc_column_container vc_col-sm-12\"><div class=\"vc_column-inner\"><div class=\"wpb_wrapper\"><div class=\"fl-custom--title vc_custom_1749181247650 text-center\" ><div class=\"fl-title-vc fl--font-style-two\"  style=\"font-size:48px!important;font-weight:bold!important;color:#222222!important;margin-top:15px;margin-bottom:15px;\">Les Services du CIAJ<\/div><div class=\"fl-title-slogan\"  style=\"font-size:24px!important;color:#b23a00!important;margin-bottom:20px;\"><span class=\"fl-slogan-text\">M\u00eb t\u00eb mir\u00eb p\u00ebr komunitetin ton\u00eb<\/span><\/div><\/div><div  class=\"vc_custom_1587833498738  wpb_single_image vc_align_center\">\n                <div class=\"wpb_wrapper vc_figure\">\n\t\t\t        <div class=\"vc_single_image-wrapper\"><img decoding=\"async\" width=\"138\" height=\"5\" src=\"https:\/\/www.ciaj.ch\/wp-content\/uploads\/2020\/04\/ddh.png\" class=\"vc_single_image-img attachment-full\" alt=\"ndar\u00ebs\" title=\"ddh\" srcset=\"https:\/\/www.ciaj.ch\/wp-content\/uploads\/2020\/04\/ddh.png 138w, https:\/\/www.ciaj.ch\/wp-content\/uploads\/2020\/04\/ddh-130x5.png 130w, https:\/\/www.ciaj.ch\/wp-content\/uploads\/2020\/04\/ddh-122x5.png 122w\" sizes=\"(max-width: 138px) 100vw, 138px\" \/><\/div>\n\t\t        <\/div> \n\t\t   <\/div><\/div><\/div><\/div><\/div><div class=\"vc_row wpb_row vc_row-fluid\"><div class=\"wpb_column vc_column_container vc_col-sm-12\"><div class=\"vc_column-inner\"><div class=\"wpb_wrapper\"><div class=\"vc_row wpb_row vc_inner vc_row-fluid\"><div class=\"wpb_column vc_column_container vc_col-sm-4\"><div class=\"vc_column-inner\"><div class=\"wpb_wrapper\"><div class=\"fl-icon-box cf fl-icon-box-6a04cfaf89b07-9627 fl-icon-box-style--1 text-center\" ><div class=\"fl-icon-box-wrapper\"><div class=\"fl-icon-box-image-wrapper\"><img decoding=\"async\" alt=\"fl-icon-box-icon\" src=\"https:\/\/www.ciaj.ch\/wp-content\/uploads\/2019\/08\/Service-Box-Image-1-360x300.jpg\" class=\"fl-icon-image\"><div class=\"fl-icon-box-icon-wrapper\"><i class=\"icon-icon7\"><\/i><\/div><\/div><div class=\"fl-icon-box-title\">D\u00e9veloppement de la mosqu\u00e9e<\/div><div class=\"fl-icon-box-content\"><p>Aidez-nous \u00e0 agrandir et \u00e9quiper la mosqu\u00e9e pour mieux accueillir la communaut\u00e9 : votre don permettra d\u2019am\u00e9liorer la salle de pri\u00e8re, les salles d\u2019\u00e9tude et les installations. Merci de votre soutien !<\/p>\n<\/div><\/div><\/div><div class=\"fl-icon-box cf fl-icon-box-6a04cfaf8af54-8683 fl-icon-box-style--1 text-center\" ><div class=\"fl-icon-box-wrapper\"><div class=\"fl-icon-box-image-wrapper\"><img decoding=\"async\" alt=\"fl-icon-box-icon\" src=\"https:\/\/www.ciaj.ch\/wp-content\/uploads\/2019\/08\/Service-Box-Image-4-1-360x300.jpg\" class=\"fl-icon-image\"><div class=\"fl-icon-box-icon-wrapper\"><i class=\"icon-icon10\"><\/i><\/div><\/div><div class=\"fl-icon-box-title\">Vid\u00e9os de Sermons<\/div><div class=\"fl-icon-box-content\"><p>D\u00e9couvrez et approfondissez votre foi \u00e0 travers nos vid\u00e9os de sermons captivants. Ces contenus sont con\u00e7us pour nourrir votre spiritualit\u00e9, renforcer vos connaissances religieuses et vous offrir des rappels bienveillants pour votre quotidien. Vous pouvez visionner ces vid\u00e9os \u00e0 tout moment, pour rester connect\u00e9 \u00e0 la sagesse et \u00e0 l\u2019inspiration de l\u2019islam<\/p>\n<\/div><\/div><\/div><div class=\"fl-icon-box cf fl-icon-box-6a04cfaf8c230-1738 fl-icon-box-style--1 text-center\" ><div class=\"fl-icon-box-wrapper\"><div class=\"fl-icon-box-image-wrapper\"><img decoding=\"async\" alt=\"fl-icon-box-icon\" src=\"https:\/\/www.ciaj.ch\/wp-content\/uploads\/2019\/08\/Service-Box-Image-4-1-360x300.jpg\" class=\"fl-icon-image\"><div class=\"fl-icon-box-icon-wrapper\"><i class=\"icon-icon10\"><\/i><\/div><\/div><div class=\"fl-icon-box-title\">Taraweeh<\/div><div class=\"fl-icon-box-content\"><p>\u00c7do nat\u00eb t\u00eb Ramazanit, pas namazit t\u00eb Isha, xhamia e organizon lutjet Tarawih.<br \/>\nT\u00eb vijn\u00eb dhe t\u00eb lutemi n\u00eb komunitet, sidomos gjat\u00eb k\u00ebtyre kaluar 10 dit\u00eb do t\u00eb jen\u00eb t\u00eb bekuar.<br \/>\nSe All-llahu pranon ton\u00eb Tarawih dhe granteve q\u00eb na m\u00ebshir\u00ebn e Tij !<\/p>\n<\/div><\/div><\/div><\/div><\/div><\/div><div class=\"wpb_column vc_column_container vc_col-sm-4\"><div class=\"vc_column-inner\"><div class=\"wpb_wrapper\"><div class=\"fl-icon-box cf fl-icon-box-6a04cfaf8c6a5-1952 fl-icon-box-style--1 text-center\" ><div class=\"fl-icon-box-wrapper\"><div class=\"fl-icon-box-image-wrapper\"><img decoding=\"async\" alt=\"fl-icon-box-icon\" src=\"https:\/\/www.ciaj.ch\/wp-content\/uploads\/2025\/06\/41727-360x300.jpg\" class=\"fl-icon-image\"><div class=\"fl-icon-box-icon-wrapper\"><i class=\"icon-icon14\"><\/i><\/div><\/div><div class=\"fl-icon-box-title\">Funerali<\/div><div class=\"fl-icon-box-content\"><p>Qendra ndihmon familjet n\u00eb organizimin e ceremonis\u00eb mortore t\u00eb islamike, me respekt, me dinjitet dhe n\u00eb p\u00ebrputhje me tradit\u00ebn.<\/p>\n<\/div><\/div><\/div><div class=\"fl-icon-box cf fl-icon-box-6a04cfaf8ecde-1389 fl-icon-box-style--1 text-center\" ><div class=\"fl-icon-box-wrapper\"><div class=\"fl-icon-box-image-wrapper\"><img decoding=\"async\" alt=\"fl-icon-box-icon\" src=\"https:\/\/www.ciaj.ch\/wp-content\/uploads\/2020\/04\/about0001.jpg\" class=\"fl-icon-image\"><div class=\"fl-icon-box-icon-wrapper\"><i class=\"icon-icon9\"><\/i><\/div><\/div><div class=\"fl-icon-box-title\">Pret d'argent<\/div><div class=\"fl-icon-box-content\"><p>La mosqu\u00e9e offre un service de pr\u00eat d\u2019argent \u00e9thique, conforme aux principes islamiques. Ce pr\u00eat est accord\u00e9 dans le respect des valeurs de solidarit\u00e9 et d\u2019entraide, visant \u00e0 soutenir les membres de la communaut\u00e9 en difficult\u00e9 financi\u00e8re. Nous veillons \u00e0 ce que ce service reste juste, transparent et accessible, afin de favoriser un climat de confiance et de fraternit\u00e9.<\/p>\n<\/div><\/div><\/div><\/div><\/div><\/div><div class=\"wpb_column vc_column_container vc_col-sm-4\"><div class=\"vc_column-inner\"><div class=\"wpb_wrapper\"><div class=\"fl-icon-box cf fl-icon-box-6a04cfaf90149-3711 fl-icon-box-style--1 text-center\" ><div class=\"fl-icon-box-wrapper\"><div class=\"fl-icon-box-image-wrapper\"><img decoding=\"async\" alt=\"fl-icon-box-icon\" src=\"https:\/\/www.ciaj.ch\/wp-content\/uploads\/2025\/06\/187257926_38715675-da1b-4959-b3a9-69880789f75d-360x300.jpg\" class=\"fl-icon-image\"><div class=\"fl-icon-box-icon-wrapper\"><i class=\"icon-icon9\"><\/i><\/div><\/div><div class=\"fl-icon-box-title\">Zekati<\/div><div class=\"fl-icon-box-content\"><p>Approfondissez votre connaissance du Coran \u00e0 travers des cours adapt\u00e9s \u00e0 tous les niveaux. Apprenez la lecture, la m\u00e9morisation et la compr\u00e9hension des versets dans un cadre respectueux et bienveillant.<\/p>\n<\/div><\/div><\/div><div class=\"fl-icon-box cf fl-icon-box-6a04cfaf915e0-1702 fl-icon-box-style--1 text-center\" ><div class=\"fl-icon-box-wrapper\"><div class=\"fl-icon-box-image-wrapper\"><img decoding=\"async\" alt=\"fl-icon-box-icon\" src=\"https:\/\/www.ciaj.ch\/wp-content\/uploads\/2019\/08\/Service-Box-Image-6-1-360x300.jpg\" class=\"fl-icon-image\"><div class=\"fl-icon-box-icon-wrapper\"><i class=\"icon-icon2\"><\/i><\/div><\/div><div class=\"fl-icon-box-title\">Ecole<\/div><div class=\"fl-icon-box-content\"><p>Approfondissez votre connaissance du Coran \u00e0 travers des cours adapt\u00e9s \u00e0 tous les niveaux. Apprenez la lecture, la m\u00e9morisation et la compr\u00e9hension des versets dans un cadre respectueux et bienveillant.<\/p>\n<\/div><\/div><\/div><\/div><\/div><\/div><\/div><\/div><\/div><\/div><\/div><\/section>\n<\/div>","protected":false},"excerpt":{"rendered":"<p>Les Services du CIAJLe meilleur pour notre communaut\u00e9 D\u00e9veloppement de la mosqu\u00e9eAidez-nous \u00e0 agrandir et \u00e9quiper la mosqu\u00e9e pour mieux accueillir la communaut\u00e9 : votre don permettra d\u2019am\u00e9liorer la salle de pri\u00e8re, les salles d\u2019\u00e9tude et les installations. Merci de votre soutien ! Vid\u00e9os de SermonsD\u00e9couvrez et approfondissez votre foi \u00e0 travers nos vid\u00e9os de <\/p>","protected":false},"author":1,"featured_media":4318,"parent":0,"menu_order":0,"comment_status":"closed","ping_status":"closed","template":"","meta":{"_acf_changed":false,"give_campaign_id":0,"_bbp_topic_count":0,"_bbp_reply_count":0,"_bbp_total_topic_count":0,"_bbp_total_reply_count":0,"_bbp_voice_count":0,"_bbp_anonymous_reply_count":0,"_bbp_topic_count_hidden":0,"_bbp_reply_count_hidden":0,"_bbp_forum_subforum_count":0,"footnotes":""},"class_list":["post-3394","page","type-page","status-publish","has-post-thumbnail","hentry"],"acf":[],"aioseo_notices":[],"campaignId":"","_links":{"self":[{"href":"https:\/\/www.ciaj.ch\/sq\/wp-json\/wp\/v2\/pages\/3394","targetHints":{"allow":["GET"]}}],"collection":[{"href":"https:\/\/www.ciaj.ch\/sq\/wp-json\/wp\/v2\/pages"}],"about":[{"href":"https:\/\/www.ciaj.ch\/sq\/wp-json\/wp\/v2\/types\/page"}],"author":[{"embeddable":true,"href":"https:\/\/www.ciaj.ch\/sq\/wp-json\/wp\/v2\/users\/1"}],"replies":[{"embeddable":true,"href":"https:\/\/www.ciaj.ch\/sq\/wp-json\/wp\/v2\/comments?post=3394"}],"version-history":[{"count":4,"href":"https:\/\/www.ciaj.ch\/sq\/wp-json\/wp\/v2\/pages\/3394\/revisions"}],"predecessor-version":[{"id":4595,"href":"https:\/\/www.ciaj.ch\/sq\/wp-json\/wp\/v2\/pages\/3394\/revisions\/4595"}],"wp:featuredmedia":[{"embeddable":true,"href":"https:\/\/www.ciaj.ch\/sq\/wp-json\/wp\/v2\/media\/4318"}],"wp:attachment":[{"href":"https:\/\/www.ciaj.ch\/sq\/wp-json\/wp\/v2\/media?parent=3394"}],"curies":[{"name":"wp","href":"https:\/\/api.w.org\/{rel}","templated":true}]}}